{"id":1888,"date":"2017-11-27T08:54:26","date_gmt":"2017-11-27T11:54:26","guid":{"rendered":"https:\/\/dpg.crp.ufv.br\/?page_id=1888"},"modified":"2017-11-27T10:02:33","modified_gmt":"2017-11-27T13:02:33","slug":"camara-de-pesquisa-e-pos-graduacao","status":"publish","type":"page","link":"https:\/\/dpg.crp.ufv.br\/?page_id=1888","title":{"rendered":"C\u00e2mara Pesquisa P\u00f3s-Grad."},"content":{"rendered":"<p>A C\u00e2mara de Pesquisa e P\u00f3s-Gradua\u00e7\u00e3o \u00e9 o colegiado consultivo e deliberativo da Diretoria de\u00a0Pesquisa e P\u00f3s-Gradua\u00e7\u00e3o da UFV-Rio Parana\u00edba e tem por objetivo a\u00a0coordena\u00e7\u00e3o e a supervis\u00e3o dos assuntos relativos \u00e0 pesquisa e p\u00f3s-gradua\u00e7\u00e3o do campus, sob\u00a0coordena\u00e7\u00e3o da Pr\u00f3-Reitoria de Pesquisa e P\u00f3s-Gradua\u00e7\u00e3o, em conson\u00e2ncia com a pol\u00edtica e as diretrizes\u00a0definidas pelo Conselho de Ensino, Pesquisa e Extens\u00e3o (CEPE).<\/p>\n<p>A c\u00e2mara de Pesquisa ser\u00e1 composta pelos seguintes membros:<\/p>\n<p>I \u2013 do Diretor de Pesquisa e P\u00f3s-gradua\u00e7\u00e3o, como seu presidente;<\/p>\n<p>II \u2013 dos Presidentes das Comiss\u00f5es de Pesquisa de cada Instituto de Ci\u00eancias ou suplente;<\/p>\n<p>III \u2013 dos Coordenadores dos programas de p\u00f3s-gradua\u00e7\u00e3o do respectivo Campus ou suplente;<\/p>\n<p>IV \u2013 de um representante do corpo discente dos cursos de p\u00f3s-gradua\u00e7\u00e3o e\/ou suplente, com mandato de 1 (um) ano, eleito entre seus pares, em processo coordenado pelos Estudantes da p\u00f3s-gradua\u00e7\u00e3o do campus;<\/p>\n<p>V \u2013 de um representante dos t\u00e9cnico-administrativos, com mandato de 1 (um) ano, eleito entre seus pares, juntamente com seu suplente;<\/p>\n<p>VI \u2013 de um representante (efetivo e suplente) do corpo discente dos cursos de gradua\u00e7\u00e3o, com mandato de 1 (um) ano, eleito entre seus pares, em processo coordenado pelo Diret\u00f3rio Central dos Estudantes do Campus.<\/p>\n<hr \/>\n<p><a href=\"https:\/\/dpg.crp.ufv.br\/wp-content\/uploads\/Regimento-da-C\u00e2mara-de-Pesquisa-e-P\u00f3s-Gradua\u00e7\u00e3o.pdf\">Regimento da C\u00e2mara de Pesquisa e P\u00f3s-Gradua\u00e7\u00e3o<\/a><\/p>\n","protected":false},"excerpt":{"rendered":"<p>A C\u00e2mara de Pesquisa e P\u00f3s-Gradua\u00e7\u00e3o \u00e9 o colegiado consultivo e deliberativo da Diretoria de\u00a0Pesquisa e P\u00f3s-Gradua\u00e7\u00e3o da UFV-Rio Parana\u00edba e tem por objetivo a\u00a0coordena\u00e7\u00e3o e a supervis\u00e3o dos assuntos relativos \u00e0 pesquisa e p\u00f3s-gradua\u00e7\u00e3o do campus, sob\u00a0coordena\u00e7\u00e3o da Pr\u00f3-Reitoria de Pesquisa e P\u00f3s-Gradua\u00e7\u00e3o, em conson\u00e2ncia com a pol\u00edtica e as diretrizes\u00a0definidas pelo Conselho de [&hellip;]<\/p>\n","protected":false},"author":1,"featured_media":0,"parent":0,"menu_order":0,"comment_status":"closed","ping_status":"closed","template":"","meta":{"footnotes":""},"class_list":["post-1888","page","type-page","status-publish","hentry"],"_links":{"self":[{"href":"https:\/\/dpg.crp.ufv.br\/index.php?rest_route=\/wp\/v2\/pages\/1888","targetHints":{"allow":["GET"]}}],"collection":[{"href":"https:\/\/dpg.crp.ufv.br\/index.php?rest_route=\/wp\/v2\/pages"}],"about":[{"href":"https:\/\/dpg.crp.ufv.br\/index.php?rest_route=\/wp\/v2\/types\/page"}],"author":[{"embeddable":true,"href":"https:\/\/dpg.crp.ufv.br\/index.php?rest_route=\/wp\/v2\/users\/1"}],"replies":[{"embeddable":true,"href":"https:\/\/dpg.crp.ufv.br\/index.php?rest_route=%2Fwp%2Fv2%2Fcomments&post=1888"}],"version-history":[{"count":4,"href":"https:\/\/dpg.crp.ufv.br\/index.php?rest_route=\/wp\/v2\/pages\/1888\/revisions"}],"predecessor-version":[{"id":2447,"href":"https:\/\/dpg.crp.ufv.br\/index.php?rest_route=\/wp\/v2\/pages\/1888\/revisions\/2447"}],"wp:attachment":[{"href":"https:\/\/dpg.crp.ufv.br\/index.php?rest_route=%2Fwp%2Fv2%2Fmedia&parent=1888"}],"curies":[{"name":"wp","href":"https:\/\/api.w.org\/{rel}","templated":true}]}}