{"id":1891,"date":"2017-11-27T08:54:53","date_gmt":"2017-11-27T11:54:53","guid":{"rendered":"https:\/\/dpg.crp.ufv.br\/?page_id=1891"},"modified":"2021-01-29T16:46:02","modified_gmt":"2021-01-29T19:46:02","slug":"membros","status":"publish","type":"page","link":"https:\/\/dpg.crp.ufv.br\/?page_id=1891","title":{"rendered":"Membros"},"content":{"rendered":"<p>A c\u00e2mara de Pesquisa \u00e9 composta pelos seguintes membros:<\/p>\n<p>Presidente: Everaldo Ant\u00f4nio Lopes;<\/p>\n<p>Milene Therezinha das Dores &#8211; Presidente da Comiss\u00e3o de Pesquisa do IAP<\/p>\n<p>Luciano Bueno dos Reis &#8211; Presidente da Comiss\u00e3o de Pesquisa do IBP<\/p>\n<p>Geraldo Humberto Silva &#8211; Presidente da Comiss\u00e3o de Pesquisa do IEP<\/p>\n<p>Carlos Eduardo Artiaga Paula &#8211; Presidente da Comiss\u00e3o de Pesquisa do IHP<\/p>\n<p>Marilene de Sousa Campos &#8211; Coordenadora do Mestrado Profissional em Administra\u00e7\u00e3o P\u00fablica em Rede Nacional<\/p>\n<p>Willian Rodrigues Macedo &#8211; Coordenador do Mestrado em Agronomia &#8211; Produ\u00e7\u00e3o Vegetal<\/p>\n<p>Lais Barbosa Vieira &#8211; Representante discente da P\u00f3s-Gradua\u00e7\u00e3o<\/p>\n<p>Iranildo Fialho da Silva &#8211; Representante discente da Gradua\u00e7\u00e3o<\/p>\n<p>Thiago Corr\u00eaa Borges &#8211; Representante dos servidores T\u00e9cnico-Administrativos<\/p>\n<p>&nbsp;<\/p>\n","protected":false},"excerpt":{"rendered":"<p>A c\u00e2mara de Pesquisa \u00e9 composta pelos seguintes membros: Presidente: Everaldo Ant\u00f4nio Lopes; Milene Therezinha das Dores &#8211; Presidente da Comiss\u00e3o de Pesquisa do IAP Luciano Bueno dos Reis &#8211; Presidente da Comiss\u00e3o de Pesquisa do IBP Geraldo Humberto Silva &#8211; Presidente da Comiss\u00e3o de Pesquisa do IEP Carlos Eduardo Artiaga Paula &#8211; Presidente da [&hellip;]<\/p>\n","protected":false},"author":1,"featured_media":0,"parent":0,"menu_order":0,"comment_status":"closed","ping_status":"closed","template":"","meta":{"footnotes":""},"class_list":["post-1891","page","type-page","status-publish","hentry"],"_links":{"self":[{"href":"https:\/\/dpg.crp.ufv.br\/index.php?rest_route=\/wp\/v2\/pages\/1891","targetHints":{"allow":["GET"]}}],"collection":[{"href":"https:\/\/dpg.crp.ufv.br\/index.php?rest_route=\/wp\/v2\/pages"}],"about":[{"href":"https:\/\/dpg.crp.ufv.br\/index.php?rest_route=\/wp\/v2\/types\/page"}],"author":[{"embeddable":true,"href":"https:\/\/dpg.crp.ufv.br\/index.php?rest_route=\/wp\/v2\/users\/1"}],"replies":[{"embeddable":true,"href":"https:\/\/dpg.crp.ufv.br\/index.php?rest_route=%2Fwp%2Fv2%2Fcomments&post=1891"}],"version-history":[{"count":5,"href":"https:\/\/dpg.crp.ufv.br\/index.php?rest_route=\/wp\/v2\/pages\/1891\/revisions"}],"predecessor-version":[{"id":2329,"href":"https:\/\/dpg.crp.ufv.br\/index.php?rest_route=\/wp\/v2\/pages\/1891\/revisions\/2329"}],"wp:attachment":[{"href":"https:\/\/dpg.crp.ufv.br\/index.php?rest_route=%2Fwp%2Fv2%2Fmedia&parent=1891"}],"curies":[{"name":"wp","href":"https:\/\/api.w.org\/{rel}","templated":true}]}}