{"id":1905,"date":"2017-11-27T08:57:14","date_gmt":"2017-11-27T11:57:14","guid":{"rendered":"https:\/\/dpg.crp.ufv.br\/?page_id=1905"},"modified":"2025-11-13T14:40:17","modified_gmt":"2025-11-13T17:40:17","slug":"equipe-de-trabalho","status":"publish","type":"page","link":"https:\/\/dpg.crp.ufv.br\/?page_id=1905","title":{"rendered":"Equipe de Trabalho"},"content":{"rendered":"<p><strong>Prof. Dr. Everaldo Ant\u00f4nio Lopes<\/strong><br \/>\n<strong>Diretor de Pesquisa e P\u00f3s-Gradua\u00e7\u00e3o<\/strong><br \/>\n34 3855 9355<br \/>\ndpg.crp@ufv.br<br \/>\neveraldolopes@ufv.br<\/p>\n<p><strong>Anderson Luiz Moreira de Oliveira<br \/>\n<\/strong><em>Expediente da DPG<\/em><br \/>\n<em>Secretaria do Programa de P\u00f3s-Gradua\u00e7\u00e3o Multic\u00eantrico em Qu\u00edmica <\/em><br \/>\n34 3855 9331<br \/>\ndpg.crp@ufv.br<br \/>\nsec.posquimica@ufv.br<\/p>\n<p><strong>Sinara Guimar\u00e3es<\/strong><br \/>\n<em>Expediente da DPG<\/em><br \/>\n<em>Secretaria do Mestrado em Agronomia Produ\u00e7\u00e3o Vegetal<\/em><br \/>\n34 3855 9389<br \/>\ndpg.crp@ufv.br<br \/>\nprodvegetal@ufv.br<\/p>\n<p><strong>Tiago Mendes de Oliveira\u00a0<\/strong><br \/>\n<em>Expediente da DPG<\/em><br \/>\n<em>Secretaria do Mestrado Profissional em Administra\u00e7\u00e3o P\u00fablica (PROFIAP)<\/em><br \/>\n34 3855 9391<br \/>\ndpg.crp@ufv.br<br \/>\nprofiap@ufv.br<\/p>\n<p><strong>Roberta Gomes Prado Mari<\/strong><br \/>\n<em>Respons\u00e1vel pelos Equipamentos Multiusu\u00e1rios do Campus<\/em><br \/>\n34 3855 4004<br \/>\nrobertaprado@ufv.br<\/p>\n<p><strong>Jader Alves Ferreira<\/strong><br \/>\n<em>Respons\u00e1vel pelos Equipamentos Multiusu\u00e1rios do Campus<\/em><br \/>\n34 3855 4043<br \/>\njaderalves@ufv.br<\/p>\n<p><strong>Vin\u00edcius Guimar\u00e3es Nasser<\/strong><br \/>\n<em>Respons\u00e1vel pelos Equipamentos Multiusu\u00e1rios do Campus<\/em><br \/>\n34 3855 4043<br \/>\nvinicius.nasser@ufv.br<\/p>\n","protected":false},"excerpt":{"rendered":"<p>Prof. Dr. Everaldo Ant\u00f4nio Lopes Diretor de Pesquisa e P\u00f3s-Gradua\u00e7\u00e3o 34 3855 9355 dpg.crp@ufv.br everaldolopes@ufv.br Anderson Luiz Moreira de Oliveira Expediente da DPG Secretaria do Programa de P\u00f3s-Gradua\u00e7\u00e3o Multic\u00eantrico em Qu\u00edmica 34 3855 9331 dpg.crp@ufv.br sec.posquimica@ufv.br Sinara Guimar\u00e3es Expediente da DPG Secretaria do Mestrado em Agronomia Produ\u00e7\u00e3o Vegetal 34 3855 9389 dpg.crp@ufv.br prodvegetal@ufv.br Tiago Mendes [&hellip;]<\/p>\n","protected":false},"author":1,"featured_media":0,"parent":0,"menu_order":0,"comment_status":"closed","ping_status":"closed","template":"","meta":{"footnotes":""},"class_list":["post-1905","page","type-page","status-publish","hentry"],"_links":{"self":[{"href":"https:\/\/dpg.crp.ufv.br\/index.php?rest_route=\/wp\/v2\/pages\/1905","targetHints":{"allow":["GET"]}}],"collection":[{"href":"https:\/\/dpg.crp.ufv.br\/index.php?rest_route=\/wp\/v2\/pages"}],"about":[{"href":"https:\/\/dpg.crp.ufv.br\/index.php?rest_route=\/wp\/v2\/types\/page"}],"author":[{"embeddable":true,"href":"https:\/\/dpg.crp.ufv.br\/index.php?rest_route=\/wp\/v2\/users\/1"}],"replies":[{"embeddable":true,"href":"https:\/\/dpg.crp.ufv.br\/index.php?rest_route=%2Fwp%2Fv2%2Fcomments&post=1905"}],"version-history":[{"count":15,"href":"https:\/\/dpg.crp.ufv.br\/index.php?rest_route=\/wp\/v2\/pages\/1905\/revisions"}],"predecessor-version":[{"id":2445,"href":"https:\/\/dpg.crp.ufv.br\/index.php?rest_route=\/wp\/v2\/pages\/1905\/revisions\/2445"}],"wp:attachment":[{"href":"https:\/\/dpg.crp.ufv.br\/index.php?rest_route=%2Fwp%2Fv2%2Fmedia&parent=1905"}],"curies":[{"name":"wp","href":"https:\/\/api.w.org\/{rel}","templated":true}]}}