{"id":1946,"date":"2017-11-27T09:05:10","date_gmt":"2017-11-27T12:05:10","guid":{"rendered":"https:\/\/dpg.crp.ufv.br\/?page_id=1946"},"modified":"2025-11-17T15:59:10","modified_gmt":"2025-11-17T18:59:10","slug":"pesquisa-2","status":"publish","type":"page","link":"https:\/\/dpg.crp.ufv.br\/?page_id=1946","title":{"rendered":"Pesquisa"},"content":{"rendered":"<p><strong>GRUPOS DE PESQUISA UFV CRP<br \/>\n<\/strong><\/p>\n<table style=\"height: 2720px;\" border=\"0\" width=\"990\" cellspacing=\"0\">\n<colgroup width=\"564\"><\/colgroup>\n<colgroup width=\"290\"><\/colgroup>\n<colgroup width=\"106\"><\/colgroup>\n<colgroup width=\"343\"><\/colgroup>\n<colgroup width=\"340\"><\/colgroup>\n<tbody>\n<tr>\n<td align=\"center\" valign=\"middle\" bgcolor=\"#99CCCC\" height=\"17\"><span style=\"font-family: 'Liberation Serif';\">Grupos de Pesquisa<\/span><\/td>\n<td align=\"center\" valign=\"middle\" bgcolor=\"#99CCCC\"><span style=\"font-family: 'Liberation Serif';\">Situa\u00e7\u00e3o do Grupo<\/span><\/td>\n<td align=\"center\" valign=\"middle\" bgcolor=\"#99CCCC\"><span style=\"font-family: 'Liberation Serif';\">Ano de Forma\u00e7\u00e3o<\/span><\/td>\n<td align=\"center\" valign=\"middle\" bgcolor=\"#99CCCC\"><span style=\"font-family: 'Liberation Serif';\">L\u00edderes do Grupo<\/span><\/td>\n<td align=\"center\" valign=\"middle\" bgcolor=\"#99CCCC\"><span style=\"font-family: 'Liberation Serif';\">\u00c1rea Predominante<\/span><\/td>\n<\/tr>\n<tr>\n<td align=\"center\" valign=\"middle\" height=\"17\">Ci\u00eancia e Tecnologia de Alimentos \/ CRP \u2013 UFV<\/td>\n<td align=\"center\" valign=\"middle\">Certificado<\/td>\n<td align=\"center\" valign=\"middle\">2013<\/td>\n<td align=\"center\" valign=\"middle\">Fabr\u00edcia Queiroz Mendes e Milene Therezinha das Dores<\/td>\n<td align=\"center\" valign=\"middle\">Ci\u00eancias Agr\u00e1rias; Ci\u00eancia e Tecnologia de Alimentos<\/td>\n<\/tr>\n<tr>\n<td align=\"center\" valign=\"middle\" height=\"32\">N\u00facleo de Instrumenta\u00e7\u00e3o, Automa\u00e7\u00e3o e Rob\u00f3tica UFV-CRP<\/td>\n<td align=\"center\" valign=\"middle\">Certificado \u2013 N\u00e3o atualizado h\u00e1 mais de 12 meses<\/td>\n<td align=\"center\" valign=\"middle\">2020<\/td>\n<td align=\"center\" valign=\"middle\">Marcos Paulo de Oliveira Loureiro<\/td>\n<td align=\"center\" valign=\"middle\">Ci\u00eancias Exatas e da Terra; F\u00edsica<\/td>\n<\/tr>\n<tr>\n<td align=\"center\" valign=\"middle\" height=\"32\">Centro de Estudos e Pesquisas em Engenharia de Produ\u00e7\u00e3o &#8211; CEPEP<\/td>\n<td align=\"center\" valign=\"middle\">Certificado \u2013 N\u00e3o atualizado h\u00e1 mais de 12 meses<\/td>\n<td align=\"center\" valign=\"middle\">2014<\/td>\n<td align=\"center\" valign=\"middle\">Raiane Ribeiro Machado e Lillian do Nascimento Gambi<\/td>\n<td align=\"center\" valign=\"middle\">Engenharias; Engenharia de Produ\u00e7\u00e3o<\/td>\n<\/tr>\n<tr>\n<td align=\"center\" valign=\"middle\" height=\"42\">Ci\u00eancias Sociais Aplicadas<\/td>\n<td align=\"center\" valign=\"middle\">Certificado<\/td>\n<td align=\"center\" valign=\"middle\">2008<\/td>\n<td align=\"center\" valign=\"middle\">Rosiane Maria Lima Gon\u00e7alves e Leonardo Pinheiro Debo\u00e7\u00e3<\/td>\n<td align=\"center\" valign=\"middle\">Ci\u00eancias Sociais Aplicadas; Administra\u00e7\u00e3o<\/td>\n<\/tr>\n<tr>\n<td align=\"center\" valign=\"middle\" height=\"42\"><span style=\"font-family: 'Liberation Serif';\">Desenvolvimento de Compostos Bioativos e Solu\u00e7\u00f5es Tecnol\u00f3gicas<\/span><\/td>\n<td align=\"center\" valign=\"middle\"><span style=\"font-family: 'Liberation Serif';\">Certificado &#8211; N\u00e3o-atualizado h\u00e1 mais de 12 meses<\/span><\/td>\n<td align=\"center\" valign=\"middle\"><span style=\"font-family: 'Liberation Serif';\">2013<\/span><\/td>\n<td align=\"center\" valign=\"middle\"><span style=\"font-family: 'Liberation Serif';\">Cassiano Rodrigues de Oliveira e Geraldo Humberto Silva <\/span><\/td>\n<td align=\"center\" valign=\"middle\"><span style=\"font-family: 'Liberation Serif';\">Ci\u00eancias Exatas e da Terra; Qu\u00edmica<\/span><\/td>\n<\/tr>\n<tr>\n<td align=\"center\" valign=\"middle\" height=\"49\">Desenvolvimento Sustent\u00e1vel e Conserva\u00e7\u00e3o da Biodiversidade<\/td>\n<td align=\"center\" valign=\"middle\"><span style=\"font-family: 'Liberation Serif';\">Certificado<\/span><\/td>\n<td align=\"center\" valign=\"middle\">2008<\/td>\n<td align=\"center\" valign=\"middle\">Andr\u00e9 Mundstock Xavier de Carvalho e Silvana da Costa Ferreira<\/td>\n<td align=\"center\" valign=\"middle\">Ci\u00eancias Agr\u00e1rias; Agronomia<\/td>\n<\/tr>\n<tr>\n<td align=\"center\" valign=\"middle\" height=\"39\"><span style=\"font-family: 'Liberation Serif';\">Gest\u00e3o, Pol\u00edticas P\u00fablicas e Movimentos Sociais<\/span><\/td>\n<td align=\"center\" valign=\"middle\"><span style=\"font-family: 'Liberation Serif';\">Certificado<\/span><\/td>\n<td align=\"center\" valign=\"middle\"><span style=\"font-family: 'Liberation Serif';\">2013<\/span><\/td>\n<td align=\"center\" valign=\"middle\"><span style=\"font-family: 'Liberation Serif';\">Jo\u00e3o Alfredo Costa de Campos Melo J\u00fanior<\/span><\/td>\n<td align=\"center\" valign=\"middle\"><span style=\"font-family: 'Liberation Serif';\">Ci\u00eancias Humanas; Sociologia<\/span><\/td>\n<\/tr>\n<tr>\n<td align=\"center\" valign=\"middle\" height=\"32\"><span style=\"font-family: 'Liberation Serif';\">Evolu\u00e7\u00e3o e Conserva\u00e7\u00e3o da Biodiversidade<\/span><\/td>\n<td align=\"center\" valign=\"middle\"><span style=\"font-family: 'Liberation Serif';\">Certificado<\/span><\/td>\n<td align=\"center\" valign=\"middle\"><span style=\"font-family: 'Liberation Serif';\">2010<\/span><\/td>\n<td align=\"center\" valign=\"middle\"><span style=\"font-family: 'Liberation Serif';\">Jaqueline Dias Pereira\u00a0e Marlon Corr\u00eaa Pereira<\/span><\/td>\n<td align=\"center\" valign=\"middle\"><span style=\"font-family: 'Liberation Serif';\">Ci\u00eancias Biol\u00f3gicas; Ecologia<\/span><\/td>\n<\/tr>\n<tr>\n<td align=\"center\" valign=\"middle\" height=\"32\"><span style=\"font-family: 'Liberation Serif';\">Fisiologia da Produ\u00e7\u00e3o e Bioestimulantes na Agricultura<\/span><\/td>\n<td align=\"center\" valign=\"middle\">Exclu\u00eddo<\/td>\n<td align=\"center\" valign=\"middle\"><span style=\"font-family: 'Liberation Serif';\">2014<\/span><\/td>\n<td align=\"center\" valign=\"middle\"><span style=\"font-family: 'Liberation Serif';\">Willian Rodrigues Macedo<\/span><\/td>\n<td align=\"center\" valign=\"middle\"><span style=\"font-family: 'Liberation Serif';\">Ci\u00eancias Agr\u00e1rias; Agronomia<\/span><\/td>\n<\/tr>\n<tr>\n<td align=\"center\" valign=\"middle\" height=\"32\"><span style=\"font-family: 'Liberation Serif';\">Fitonematoides: Etiologia, epidemiologia e controle<\/span><\/td>\n<td align=\"center\" valign=\"middle\"><span style=\"font-family: 'Liberation Serif';\">Certificado &#8211; N\u00e3o-atualizado h\u00e1 mais de 12 meses<\/span><\/td>\n<td align=\"center\" valign=\"middle\"><span style=\"font-family: 'Liberation Serif';\">2017<\/span><\/td>\n<td align=\"center\" valign=\"middle\"><span style=\"font-family: 'Liberation Serif';\">Everaldo Antonio Lopes<\/span><\/td>\n<td align=\"center\" valign=\"middle\"><span style=\"font-family: 'Liberation Serif';\">Ci\u00eancias Agr\u00e1rias; Agronomia<\/span><\/td>\n<\/tr>\n<tr>\n<td align=\"center\" valign=\"middle\" height=\"32\"><span style=\"font-family: 'Liberation Serif';\">Gen\u00e9tica, Gen\u00f4mica e Evolu\u00e7\u00e3o<\/span><\/td>\n<td align=\"center\" valign=\"middle\"><span style=\"font-family: 'Liberation Serif';\">Certificado<\/span><\/td>\n<td align=\"center\" valign=\"middle\"><span style=\"font-family: 'Liberation Serif';\">2009<\/span><\/td>\n<td align=\"center\" valign=\"middle\"><span style=\"font-family: 'Liberation Serif';\">Rubens Pasa\u00a0e Karine Frehner Kavalco<\/span><\/td>\n<td align=\"center\" valign=\"middle\"><span style=\"font-family: 'Liberation Serif';\">Ci\u00eancias Biol\u00f3gicas; Biologia Geral<\/span><\/td>\n<\/tr>\n<tr>\n<td align=\"center\" valign=\"middle\" height=\"45\"><span style=\"font-family: 'Liberation Serif';\">Grupo de Pesquisa em Marketing e Sociedade<\/span><\/td>\n<td align=\"center\" valign=\"middle\"><span style=\"font-family: 'Liberation Serif';\">Certificado<\/span><\/td>\n<td align=\"center\" valign=\"middle\"><span style=\"font-family: 'Liberation Serif';\">2021<\/span><\/td>\n<td align=\"center\" valign=\"middle\"><span style=\"font-family: 'Liberation Serif';\">Gilberto Ven\u00e2ncio Luiz<\/span><\/td>\n<td align=\"center\" valign=\"middle\"><span style=\"font-family: 'Liberation Serif';\">Ci\u00eancias Sociais Aplicadas; Administra\u00e7\u00e3o<\/span><\/td>\n<\/tr>\n<tr>\n<td align=\"center\" valign=\"middle\" height=\"48\"><span style=\"font-family: 'Liberation Serif';\">RESANGEO &#8211; Grupo de pesquisa em Recursos H\u00eddricos, Saneamento Ambiental e Geoprocessamento<\/span><\/td>\n<td align=\"center\" valign=\"middle\"><span style=\"font-family: 'Liberation Serif';\">Certificado<\/span><\/td>\n<td align=\"center\" valign=\"middle\"><span style=\"font-family: 'Liberation Serif';\">2016<\/span><\/td>\n<td align=\"center\" valign=\"middle\"><span style=\"font-family: 'Liberation Serif';\">Frederico Carlos Martins de Menezes Filho<\/span><\/td>\n<td align=\"center\" valign=\"middle\"><span style=\"font-family: 'Liberation Serif';\">Engenharias; Engenharia Sanit\u00e1ria<\/span><\/td>\n<\/tr>\n<tr>\n<td align=\"center\" valign=\"middle\" height=\"32\"><span style=\"font-family: 'Liberation Serif';\">Manejo integrado de pragas no Cerrado<\/span><\/td>\n<td align=\"center\" valign=\"middle\">Certificado<\/td>\n<td align=\"center\" valign=\"middle\"><span style=\"font-family: 'Liberation Serif';\">2010<\/span><\/td>\n<td align=\"center\" valign=\"middle\"><span style=\"font-family: 'Liberation Serif';\">Fl\u00e1vio Lemes Fernandes e \u00c9zio Marques da Silva <\/span><\/td>\n<td align=\"center\" valign=\"middle\"><span style=\"font-family: 'Liberation Serif';\">Ci\u00eancias Agr\u00e1rias; Agronomia<\/span><\/td>\n<\/tr>\n<tr>\n<td align=\"center\" valign=\"middle\" height=\"32\"><span style=\"font-family: 'Liberation Serif';\">Materiais de constru\u00e7\u00e3o alternativos e ecol\u00f3gicos<\/span><\/td>\n<td align=\"center\" valign=\"middle\">Exclu\u00eddo<\/td>\n<td align=\"center\" valign=\"middle\"><span style=\"font-family: 'Liberation Serif';\">2021<\/span><\/td>\n<td align=\"center\" valign=\"middle\"><span style=\"font-family: 'Liberation Serif';\">Markssuel Teixeira Marvila<\/span><\/td>\n<td align=\"center\" valign=\"middle\"><span style=\"font-family: 'Liberation Serif';\">Engenharias; Engenharia Civil<\/span><\/td>\n<\/tr>\n<tr>\n<td align=\"center\" valign=\"middle\" height=\"32\"><span style=\"font-family: 'Liberation Serif';\">Materiais Nanoestruturados Multifuncionais para Aplica\u00e7\u00f5es Ambientais<\/span><\/td>\n<td align=\"center\" valign=\"middle\"><span style=\"font-family: 'Liberation Serif';\">Certificado &#8211; N\u00e3o-atualizado h\u00e1 mais de 12 meses<\/span><\/td>\n<td align=\"center\" valign=\"middle\"><span style=\"font-family: 'Liberation Serif';\">2010<\/span><\/td>\n<td align=\"center\" valign=\"middle\"><span style=\"font-family: 'Liberation Serif';\">Jairo Tronto\u00a0<\/span><\/td>\n<td align=\"center\" valign=\"middle\"><span style=\"font-family: 'Liberation Serif';\">Ci\u00eancias Exatas e da Terra; Qu\u00edmica<\/span><\/td>\n<\/tr>\n<tr>\n<td align=\"center\" valign=\"middle\" height=\"32\"><span style=\"font-family: 'Liberation Serif';\">Novos Materiais: modelagem &amp; simula\u00e7\u00e3o computacional<\/span><\/td>\n<td align=\"center\" valign=\"middle\"><span style=\"font-family: 'Liberation Serif';\">Certificado<\/span><\/td>\n<td align=\"center\" valign=\"middle\"><span style=\"font-family: 'Liberation Serif';\">2011<\/span><\/td>\n<td align=\"center\" valign=\"middle\"><span style=\"font-family: 'Liberation Serif';\">Pablo Damasceno Borges<\/span><\/td>\n<td align=\"center\" valign=\"middle\"><span style=\"font-family: 'Liberation Serif';\">Ci\u00eancias Exatas e da Terra; F\u00edsica<\/span><\/td>\n<\/tr>\n<tr>\n<td align=\"center\" valign=\"middle\" height=\"32\"><span style=\"font-family: 'Liberation Serif';\">N\u00facleo de Estudos em Relacionamento Interpessoal, Sa\u00fade e Sociedade &#8211; NERISS<\/span><\/td>\n<td align=\"center\" valign=\"middle\"><span style=\"font-family: 'Liberation Serif';\">Certificado &#8211; N\u00e3o-atualizado h\u00e1 mais de 12 meses<\/span><\/td>\n<td align=\"center\" valign=\"middle\"><span style=\"font-family: 'Liberation Serif';\">2015<\/span><\/td>\n<td align=\"center\" valign=\"middle\"><span style=\"font-family: 'Liberation Serif';\">Raquel Ferreira Miranda e Tatiana Coura Oliveira<\/span><\/td>\n<td align=\"center\" valign=\"middle\"><span style=\"font-family: 'Liberation Serif';\">Ci\u00eancias Humanas; Psicologia<\/span><\/td>\n<\/tr>\n<tr>\n<td align=\"center\" valign=\"middle\" height=\"32\"><span style=\"font-family: 'Liberation Serif';\">Nutri\u00e7\u00e3o e sa\u00fade<\/span><\/td>\n<td align=\"center\" valign=\"middle\"><span style=\"font-family: 'Liberation Serif';\">Certificado<\/span><\/td>\n<td align=\"center\" valign=\"middle\"><span style=\"font-family: 'Liberation Serif';\">2013<\/span><\/td>\n<td align=\"center\" valign=\"middle\"><span style=\"font-family: 'Liberation Serif';\">Regiane Lopes de Sales\u00a0e Meire de Oliveira Barbosa<\/span><\/td>\n<td align=\"center\" valign=\"middle\"><span style=\"font-family: 'Liberation Serif';\">Ci\u00eancias da Sa\u00fade; Nutri\u00e7\u00e3o<\/span><\/td>\n<\/tr>\n<tr>\n<td align=\"center\" valign=\"middle\" height=\"59\"><span style=\"font-family: 'Liberation Serif';\">Obesidade e Dist\u00farbios Metab\u00f3licos<\/span><\/td>\n<td align=\"center\" valign=\"middle\"><span style=\"font-family: 'Liberation Serif';\">Certificado &#8211; N\u00e3o-atualizado h\u00e1 mais de 12 meses<\/span><\/td>\n<td align=\"center\" valign=\"middle\"><span style=\"font-family: 'Liberation Serif';\">2016<\/span><\/td>\n<td align=\"center\" valign=\"middle\"><span style=\"font-family: 'Liberation Serif';\">Martha Elisa Ferreira de Almeida e Jos\u00e9 Antonio de Souza Cruz Ramos<\/span><\/td>\n<td align=\"center\" valign=\"middle\"><span style=\"font-family: 'Liberation Serif';\">Ci\u00eancias da Sa\u00fade; Nutri\u00e7\u00e3o<\/span><\/td>\n<\/tr>\n<tr>\n<td align=\"center\" valign=\"middle\" height=\"54\"><span style=\"font-family: 'Liberation Serif';\">Sistemas de Produ\u00e7\u00e3o Integrada de Oler\u00edcolas no Cerrado<\/span><\/td>\n<td align=\"center\" valign=\"middle\"><span style=\"font-family: 'Liberation Serif';\">Certificado &#8211; N\u00e3o-atualizado h\u00e1 mais de 12 meses<\/span><\/td>\n<td align=\"center\" valign=\"middle\"><span style=\"font-family: 'Liberation Serif';\">2015<\/span><\/td>\n<td align=\"center\" valign=\"middle\"><span style=\"font-family: 'Liberation Serif';\">Marcelo Rodrigues dos Reis\u00a0e Leonardo Angelo de Aquino <\/span><\/td>\n<td align=\"center\" valign=\"middle\"><span style=\"font-family: 'Liberation Serif';\">Ci\u00eancias Agr\u00e1rias; Agronomia<\/span><\/td>\n<\/tr>\n<tr>\n<td align=\"center\" valign=\"middle\" height=\"59\"><span style=\"font-family: 'Liberation Serif';\">Sistemas Distribu\u00eddos e Intelig\u00eancia Computacional<\/span><\/td>\n<td align=\"center\" valign=\"middle\"><span style=\"font-family: 'Liberation Serif';\">Certificado<\/span><\/td>\n<td align=\"center\" valign=\"middle\"><span style=\"font-family: 'Liberation Serif';\">2013<\/span><\/td>\n<td align=\"center\" valign=\"middle\"><span style=\"font-family: 'Liberation Serif';\">Jo\u00e3o Fernando Mari e Matheus Nohra Haddad<\/span><\/td>\n<td align=\"center\" valign=\"middle\"><span style=\"font-family: 'Liberation Serif';\">Ci\u00eancias Exatas e da Terra; Ci\u00eancia da Computa\u00e7\u00e3o<\/span><\/td>\n<\/tr>\n<\/tbody>\n<\/table>\n<p>&nbsp;<\/p>\n<p>&nbsp;<\/p>\n","protected":false},"excerpt":{"rendered":"<p>GRUPOS DE PESQUISA UFV CRP Grupos de Pesquisa Situa\u00e7\u00e3o do Grupo Ano de Forma\u00e7\u00e3o L\u00edderes do Grupo \u00c1rea Predominante Ci\u00eancia e Tecnologia de Alimentos \/ CRP \u2013 UFV Certificado 2013 Fabr\u00edcia Queiroz Mendes e Milene Therezinha das Dores Ci\u00eancias Agr\u00e1rias; Ci\u00eancia e Tecnologia de Alimentos N\u00facleo de Instrumenta\u00e7\u00e3o, Automa\u00e7\u00e3o e Rob\u00f3tica UFV-CRP Certificado \u2013 N\u00e3o [&hellip;]<\/p>\n","protected":false},"author":1,"featured_media":0,"parent":0,"menu_order":0,"comment_status":"closed","ping_status":"closed","template":"","meta":{"footnotes":""},"class_list":["post-1946","page","type-page","status-publish","hentry"],"_links":{"self":[{"href":"https:\/\/dpg.crp.ufv.br\/index.php?rest_route=\/wp\/v2\/pages\/1946","targetHints":{"allow":["GET"]}}],"collection":[{"href":"https:\/\/dpg.crp.ufv.br\/index.php?rest_route=\/wp\/v2\/pages"}],"about":[{"href":"https:\/\/dpg.crp.ufv.br\/index.php?rest_route=\/wp\/v2\/types\/page"}],"author":[{"embeddable":true,"href":"https:\/\/dpg.crp.ufv.br\/index.php?rest_route=\/wp\/v2\/users\/1"}],"replies":[{"embeddable":true,"href":"https:\/\/dpg.crp.ufv.br\/index.php?rest_route=%2Fwp%2Fv2%2Fcomments&post=1946"}],"version-history":[{"count":5,"href":"https:\/\/dpg.crp.ufv.br\/index.php?rest_route=\/wp\/v2\/pages\/1946\/revisions"}],"predecessor-version":[{"id":2452,"href":"https:\/\/dpg.crp.ufv.br\/index.php?rest_route=\/wp\/v2\/pages\/1946\/revisions\/2452"}],"wp:attachment":[{"href":"https:\/\/dpg.crp.ufv.br\/index.php?rest_route=%2Fwp%2Fv2%2Fmedia&parent=1946"}],"curies":[{"name":"wp","href":"https:\/\/api.w.org\/{rel}","templated":true}]}}