{"id":1949,"date":"2017-11-27T09:06:51","date_gmt":"2017-11-27T12:06:51","guid":{"rendered":"https:\/\/dpg.crp.ufv.br\/?page_id=1949"},"modified":"2025-11-13T14:58:24","modified_gmt":"2025-11-13T17:58:24","slug":"comissoes-de-pesquisa","status":"publish","type":"page","link":"https:\/\/dpg.crp.ufv.br\/?page_id=1949","title":{"rendered":"Comiss\u00f5es de Pesquisa"},"content":{"rendered":"<p><strong>Instituto de Ci\u00eancias Agr\u00e1rias<\/strong><br \/>\nWelligton Luiz de Almeida (Presidente)<br \/>\nCamila Rocha da Silva<br \/>\nEvandro Galv\u00e3o Tavares Menezes<\/p>\n<p><strong>Instituto de Ci\u00eancias Biol\u00f3gicas e da Sa\u00fade\u00a0<\/strong><br \/>\nSilvana da Costa Ferreia, 10294-6\/UFV (Presidente)<br \/>\nLuciano Bueno dos Reis, 8881-1\/UFV<br \/>\nMonise Viana Abranches, 11164-3\/UFV<br \/>\nCassiana Regina de Goes, 13195-4\/UFV (Suplente)<br \/>\nKarine Frehner Kavalco, 10316-0\/UFV\u00a0(Suplente)<\/p>\n<p><strong>Instituto de Ci\u00eancias Exatas e Tecnol\u00f3gicas <\/strong><br \/>\nThiago Henrique Nogueira (Presidente)<br \/>\nGuilherme Leal Xavier<br \/>\nJo\u00e3o Fernando Mari<\/p>\n<p><strong>Instituto de Ci\u00eancias Humanas e Sociais<\/strong><br \/>\nPatr\u00edcia Rosvadoski da Silva (Presidente)<br \/>\nNey Paulo Moreira<br \/>\nCarlos Eduardo Artiaga Paula<\/p>\n","protected":false},"excerpt":{"rendered":"<p>Instituto de Ci\u00eancias Agr\u00e1rias Welligton Luiz de Almeida (Presidente) Camila Rocha da Silva Evandro Galv\u00e3o Tavares Menezes Instituto de Ci\u00eancias Biol\u00f3gicas e da Sa\u00fade\u00a0 Silvana da Costa Ferreia, 10294-6\/UFV (Presidente) Luciano Bueno dos Reis, 8881-1\/UFV Monise Viana Abranches, 11164-3\/UFV Cassiana Regina de Goes, 13195-4\/UFV (Suplente) Karine Frehner Kavalco, 10316-0\/UFV\u00a0(Suplente) Instituto de Ci\u00eancias Exatas e Tecnol\u00f3gicas [&hellip;]<\/p>\n","protected":false},"author":1,"featured_media":0,"parent":1946,"menu_order":0,"comment_status":"closed","ping_status":"closed","template":"","meta":{"footnotes":""},"class_list":["post-1949","page","type-page","status-publish","hentry"],"_links":{"self":[{"href":"https:\/\/dpg.crp.ufv.br\/index.php?rest_route=\/wp\/v2\/pages\/1949","targetHints":{"allow":["GET"]}}],"collection":[{"href":"https:\/\/dpg.crp.ufv.br\/index.php?rest_route=\/wp\/v2\/pages"}],"about":[{"href":"https:\/\/dpg.crp.ufv.br\/index.php?rest_route=\/wp\/v2\/types\/page"}],"author":[{"embeddable":true,"href":"https:\/\/dpg.crp.ufv.br\/index.php?rest_route=\/wp\/v2\/users\/1"}],"replies":[{"embeddable":true,"href":"https:\/\/dpg.crp.ufv.br\/index.php?rest_route=%2Fwp%2Fv2%2Fcomments&post=1949"}],"version-history":[{"count":15,"href":"https:\/\/dpg.crp.ufv.br\/index.php?rest_route=\/wp\/v2\/pages\/1949\/revisions"}],"predecessor-version":[{"id":2450,"href":"https:\/\/dpg.crp.ufv.br\/index.php?rest_route=\/wp\/v2\/pages\/1949\/revisions\/2450"}],"up":[{"embeddable":true,"href":"https:\/\/dpg.crp.ufv.br\/index.php?rest_route=\/wp\/v2\/pages\/1946"}],"wp:attachment":[{"href":"https:\/\/dpg.crp.ufv.br\/index.php?rest_route=%2Fwp%2Fv2%2Fmedia&parent=1949"}],"curies":[{"name":"wp","href":"https:\/\/api.w.org\/{rel}","templated":true}]}}