{"id":1992,"date":"2017-11-27T09:18:34","date_gmt":"2017-11-27T12:18:34","guid":{"rendered":"https:\/\/dpg.crp.ufv.br\/?page_id=1992"},"modified":"2022-06-23T15:22:30","modified_gmt":"2022-06-23T18:22:30","slug":"sistemas","status":"publish","type":"page","link":"https:\/\/dpg.crp.ufv.br\/?page_id=1992","title":{"rendered":"Sistemas Administrativos"},"content":{"rendered":"<p><a title=\"Portal do SisPPG \/ Sistema de Pesquisa e P\u00f3s-Gradua\u00e7\u00e3o\" href=\"https:\/\/www2.dti.ufv.br\/sisppg\/scripts\/portal\/\" target=\"_blank\" rel=\"noopener\">Portal do SisPPG \/ Sistema de Pesquisa e P\u00f3s-Gradua\u00e7\u00e3o<\/a><\/p>\n<p>Sistema utilizado para registrar todo projeto de pesquisa desenvolvido na Universidade Federal de Vi\u00e7osa.<\/p>\n<hr \/>\n<p><a title=\"Sapiens\" href=\"https:\/\/sapiens.dti.ufv.br\/sapiens_redireciona\/index.asp\" target=\"_blank\" rel=\"noopener\">Sapiens<\/a><\/p>\n<p>Sistema de apoio ao ensino, utilizado no aux\u00edlio \u00e0 gest\u00e3o de informa\u00e7\u00f5es acerca de todos os estudantes da UFV.<\/p>\n<hr \/>\n<p><a title=\"SacPG - Sistema Gestor de P\u00f3s-Gradua\u00e7\u00e3o\" href=\"https:\/\/www3.dti.ufv.br\/academico\/\" target=\"_blank\" rel=\"noopener\">Acad\u00eamico PG<\/a><\/p>\n<p>Utilizado para realizar a gest\u00e3o dos programas de p\u00f3s-gradua\u00e7\u00e3o.<\/p>\n<hr \/>\n<p><a title=\"Inscri\u00e7\u00f5es da P\u00f3s-Gradua\u00e7\u00e3o\" href=\"https:\/\/www.gps.ufv.br\/\" target=\"_blank\" rel=\"noopener\">Inscri\u00e7\u00f5es da P\u00f3s-Gradua\u00e7\u00e3o<\/a><\/p>\n<p>Sistema utilizado para fazer inscri\u00e7\u00e3o em qualquer programa de P\u00f3s-Gradua\u00e7\u00e3o na UFV.<\/p>\n<hr \/>\n<p><a title=\"P\u00f3s-Gradua\u00e7\u00e3o\" href=\"https:\/\/www.dti.ufv.br\/posgrad\/default.htm\" target=\"_blank\" rel=\"noopener\">P\u00f3s-Gradua\u00e7\u00e3o<\/a><\/p>\n<p>Fornece informa\u00e7\u00f5es acerca da P\u00f3s Gradua\u00e7\u00e3o na UFV.<\/p>\n","protected":false},"excerpt":{"rendered":"<p>Portal do SisPPG \/ Sistema de Pesquisa e P\u00f3s-Gradua\u00e7\u00e3o Sistema utilizado para registrar todo projeto de pesquisa desenvolvido na Universidade Federal de Vi\u00e7osa. Sapiens Sistema de apoio ao ensino, utilizado no aux\u00edlio \u00e0 gest\u00e3o de informa\u00e7\u00f5es acerca de todos os estudantes da UFV. Acad\u00eamico PG Utilizado para realizar a gest\u00e3o dos programas de p\u00f3s-gradua\u00e7\u00e3o. Inscri\u00e7\u00f5es [&hellip;]<\/p>\n","protected":false},"author":1,"featured_media":0,"parent":0,"menu_order":0,"comment_status":"closed","ping_status":"closed","template":"","meta":{"footnotes":""},"class_list":["post-1992","page","type-page","status-publish","hentry"],"_links":{"self":[{"href":"https:\/\/dpg.crp.ufv.br\/index.php?rest_route=\/wp\/v2\/pages\/1992","targetHints":{"allow":["GET"]}}],"collection":[{"href":"https:\/\/dpg.crp.ufv.br\/index.php?rest_route=\/wp\/v2\/pages"}],"about":[{"href":"https:\/\/dpg.crp.ufv.br\/index.php?rest_route=\/wp\/v2\/types\/page"}],"author":[{"embeddable":true,"href":"https:\/\/dpg.crp.ufv.br\/index.php?rest_route=\/wp\/v2\/users\/1"}],"replies":[{"embeddable":true,"href":"https:\/\/dpg.crp.ufv.br\/index.php?rest_route=%2Fwp%2Fv2%2Fcomments&post=1992"}],"version-history":[{"count":4,"href":"https:\/\/dpg.crp.ufv.br\/index.php?rest_route=\/wp\/v2\/pages\/1992\/revisions"}],"predecessor-version":[{"id":2448,"href":"https:\/\/dpg.crp.ufv.br\/index.php?rest_route=\/wp\/v2\/pages\/1992\/revisions\/2448"}],"wp:attachment":[{"href":"https:\/\/dpg.crp.ufv.br\/index.php?rest_route=%2Fwp%2Fv2%2Fmedia&parent=1992"}],"curies":[{"name":"wp","href":"https:\/\/api.w.org\/{rel}","templated":true}]}}