{"id":7,"date":"2013-01-15T18:32:52","date_gmt":"2013-01-15T18:32:52","guid":{"rendered":"http:\/\/localhost\/dsa\/?page_id=7"},"modified":"2025-03-25T10:39:37","modified_gmt":"2025-03-25T13:39:37","slug":"inicio","status":"publish","type":"page","link":"https:\/\/dpg.crp.ufv.br\/?page_id=7","title":{"rendered":"A Diretoria"},"content":{"rendered":"<p>A Diretoria de Pesquisa e P\u00f3s-Gradua\u00e7\u00e3o de Rio Parana\u00edba (DPG) busca incentivar a pesquisa, p\u00f3s-gradua\u00e7\u00e3o, inicia\u00e7\u00e3o cient\u00edfica e capacita\u00e7\u00e3o de recursos humanos no Campus. Com o apoio da Pr\u00f3-Reitoria de Pesquisa e P\u00f3s-Gradua\u00e7\u00e3o (PPG) almeja-se a excel\u00eancia da participa\u00e7\u00e3o da Universidade no desenvolvimento cient\u00edfico e tecnol\u00f3gico do estado e do pa\u00eds.<\/p>\n<p>&nbsp;<\/p>\n","protected":false},"excerpt":{"rendered":"<p>A Diretoria de Pesquisa e P\u00f3s-Gradua\u00e7\u00e3o de Rio Parana\u00edba (DPG) busca incentivar a pesquisa, p\u00f3s-gradua\u00e7\u00e3o, inicia\u00e7\u00e3o cient\u00edfica e capacita\u00e7\u00e3o de recursos humanos no Campus. Com o apoio da Pr\u00f3-Reitoria de Pesquisa e P\u00f3s-Gradua\u00e7\u00e3o (PPG) almeja-se a excel\u00eancia da participa\u00e7\u00e3o da Universidade no desenvolvimento cient\u00edfico e tecnol\u00f3gico do estado e do pa\u00eds. &nbsp;<\/p>\n","protected":false},"author":1,"featured_media":0,"parent":0,"menu_order":0,"comment_status":"closed","ping_status":"closed","template":"","meta":{"footnotes":""},"class_list":["post-7","page","type-page","status-publish","hentry"],"_links":{"self":[{"href":"https:\/\/dpg.crp.ufv.br\/index.php?rest_route=\/wp\/v2\/pages\/7","targetHints":{"allow":["GET"]}}],"collection":[{"href":"https:\/\/dpg.crp.ufv.br\/index.php?rest_route=\/wp\/v2\/pages"}],"about":[{"href":"https:\/\/dpg.crp.ufv.br\/index.php?rest_route=\/wp\/v2\/types\/page"}],"author":[{"embeddable":true,"href":"https:\/\/dpg.crp.ufv.br\/index.php?rest_route=\/wp\/v2\/users\/1"}],"replies":[{"embeddable":true,"href":"https:\/\/dpg.crp.ufv.br\/index.php?rest_route=%2Fwp%2Fv2%2Fcomments&post=7"}],"version-history":[{"count":158,"href":"https:\/\/dpg.crp.ufv.br\/index.php?rest_route=\/wp\/v2\/pages\/7\/revisions"}],"predecessor-version":[{"id":2441,"href":"https:\/\/dpg.crp.ufv.br\/index.php?rest_route=\/wp\/v2\/pages\/7\/revisions\/2441"}],"wp:attachment":[{"href":"https:\/\/dpg.crp.ufv.br\/index.php?rest_route=%2Fwp%2Fv2%2Fmedia&parent=7"}],"curies":[{"name":"wp","href":"https:\/\/api.w.org\/{rel}","templated":true}]}}